{"id":3750,"date":"2020-05-26T12:53:00","date_gmt":"2020-05-26T12:53:00","guid":{"rendered":"https:\/\/baksarbakir.com\/?page_id=3750"},"modified":"2022-06-27T14:11:48","modified_gmt":"2022-06-27T14:11:48","slug":"hakkimizda","status":"publish","type":"page","link":"https:\/\/baksarbakir.com\/en\/hakkimizda\/","title":{"rendered":"Hakk\u0131m\u0131zda"},"content":{"rendered":"<div data-elementor-type=\"wp-page\" data-elementor-id=\"3750\" class=\"elementor elementor-3750\">\n\t\t\t\t\t\t<section class=\"elementor-section elementor-top-section elementor-element elementor-element-00a2060 elementor-section-boxed elementor-section-height-default elementor-section-height-default sc_fly_static\" data-id=\"00a2060\" data-element_type=\"section\">\n\t\t\t\t\t\t<div class=\"elementor-container elementor-column-gap-extended\">\n\t\t\t\t\t<div class=\"elementor-column elementor-col-100 elementor-top-column elementor-element elementor-element-5eb5aa5 sc_content_align_inherit sc_layouts_column_icons_position_left sc_fly_static\" data-id=\"5eb5aa5\" data-element_type=\"column\">\n\t\t\t<div class=\"elementor-widget-wrap elementor-element-populated\">\n\t\t\t\t\t\t<div class=\"elementor-element elementor-element-62b388c sc_height_huge sc_fly_static elementor-widget elementor-widget-spacer\" data-id=\"62b388c\" data-element_type=\"widget\" data-widget_type=\"spacer.default\">\n\t\t\t\t<div class=\"elementor-widget-container\">\n\t\t\t\t\t\t\t<div class=\"elementor-spacer\">\n\t\t\t<div class=\"elementor-spacer-inner\"><\/div>\n\t\t<\/div>\n\t\t\t\t\t\t<\/div>\n\t\t\t\t<\/div>\n\t\t\t\t\t<\/div>\n\t\t<\/div>\n\t\t\t\t\t<\/div>\n\t\t<\/section>\n\t\t\t\t<section class=\"elementor-section elementor-top-section elementor-element elementor-element-26dc149 elementor-section-boxed elementor-section-height-default elementor-section-height-default sc_fly_static\" data-id=\"26dc149\" data-element_type=\"section\">\n\t\t\t\t\t\t<div class=\"elementor-container elementor-column-gap-extended\">\n\t\t\t\t\t<div class=\"elementor-column elementor-col-50 elementor-top-column elementor-element elementor-element-b8e8b93 sc_content_align_inherit sc_layouts_column_icons_position_left sc_fly_static\" data-id=\"b8e8b93\" data-element_type=\"column\">\n\t\t\t<div class=\"elementor-widget-wrap elementor-element-populated\">\n\t\t\t\t\t\t<div class=\"elementor-element elementor-element-c9c5c0d sc_fly_static elementor-widget elementor-widget-trx_sc_title\" data-id=\"c9c5c0d\" data-element_type=\"widget\" data-widget_type=\"trx_sc_title.default\">\n\t\t\t\t<div class=\"elementor-widget-container\">\n\t\t\t\t\t<div\t\tclass=\"sc_title sc_title_default\" ><span class=\"sc_item_subtitle sc_title_subtitle sc_item_subtitle_above sc_item_title_style_default\">BAKSAR BAKIR<\/span><h1 class=\"sc_item_title sc_title_title sc_item_title_style_default sc_item_title_tag\"\n\t\t\t><span class=\"sc_item_title_text\">Hakk\u0131m\u0131zda<\/span><\/h1><\/div>\t\t\t\t<\/div>\n\t\t\t\t<\/div>\n\t\t\t\t<div class=\"elementor-element elementor-element-d5ca560 sc_height_small sc_fly_static elementor-widget elementor-widget-spacer\" data-id=\"d5ca560\" data-element_type=\"widget\" data-widget_type=\"spacer.default\">\n\t\t\t\t<div class=\"elementor-widget-container\">\n\t\t\t\t\t\t\t<div class=\"elementor-spacer\">\n\t\t\t<div class=\"elementor-spacer-inner\"><\/div>\n\t\t<\/div>\n\t\t\t\t\t\t<\/div>\n\t\t\t\t<\/div>\n\t\t\t\t<div class=\"elementor-element elementor-element-727abf5 sc_fly_static elementor-widget elementor-widget-text-editor\" data-id=\"727abf5\" data-element_type=\"widget\" data-widget_type=\"text-editor.default\">\n\t\t\t\t<div class=\"elementor-widget-container\">\n\t\t\t\t\t\t\t\t\t<p><strong>Baksar Bak\u0131r Boru San. ve Tic. A.\u015e<\/strong>, demir d\u0131\u015f\u0131 metal sekt\u00f6r\u00fcnde faaliyetlerini g\u00f6steren bir kurulu\u015ftur. Kocaeli&#8217;deki tesislerinde faaliyetlerini s\u00fcrd\u00fcren \u015firketimiz a\u011f\u0131rl\u0131kl\u0131 olarak bak\u0131r ve bak\u0131r ala\u015f\u0131mlar\u0131ndan mam\u00fcl, boru, profil, lama ve \u00e7ubuk \u00fcretimi yapmaktad\u0131r.<\/p><p>\u00dcr\u00fcnlerimizin ba\u015fl\u0131ca kullan\u0131m alanlar\u0131 s\u0131hhi tesisat, elektrik, g\u00fcne\u015f enerjisi, motor, e\u015fanj\u00f6r ve savunma sanayii sekt\u00f6rleridir. Uluslararas\u0131 rekabet ortam\u0131nda \u00e7a\u011f\u0131m\u0131z\u0131n gerekliliklerini yerine getirmek amac\u0131 ile t\u00fcm \u00fcr\u00fcnlerimiz T\u00fcrk Standartlar\u0131 (TS), European Norm (EN) ve American Society for Testing and Materials (ASTM-B) normlar\u0131na uygun olarak \u00fcretilmektedir. \u00dcretim s\u00fcrecinin her a\u015famas\u0131nda yap\u0131lan farkl\u0131 kalite kontrol uygulamalar\u0131 ile \u00fcr\u00fcnlerimizin gerekli standartlara uygunlu\u011fu kontrol edilmektedir.\u00a0<\/p>\t\t\t\t\t\t\t\t<\/div>\n\t\t\t\t<\/div>\n\t\t\t\t<div class=\"elementor-element elementor-element-909b3f1 sc_height_small sc_fly_static elementor-widget elementor-widget-spacer\" data-id=\"909b3f1\" data-element_type=\"widget\" data-widget_type=\"spacer.default\">\n\t\t\t\t<div class=\"elementor-widget-container\">\n\t\t\t\t\t\t\t<div class=\"elementor-spacer\">\n\t\t\t<div class=\"elementor-spacer-inner\"><\/div>\n\t\t<\/div>\n\t\t\t\t\t\t<\/div>\n\t\t\t\t<\/div>\n\t\t\t\t\t<\/div>\n\t\t<\/div>\n\t\t\t\t<div class=\"elementor-column elementor-col-50 elementor-top-column elementor-element elementor-element-b6a8fe2 sc_content_align_inherit sc_layouts_column_icons_position_left sc_fly_static\" data-id=\"b6a8fe2\" data-element_type=\"column\">\n\t\t\t<div class=\"elementor-widget-wrap elementor-element-populated\">\n\t\t\t\t\t\t<div class=\"elementor-element elementor-element-972c406 sc_height_small sc_fly_static elementor-widget elementor-widget-spacer\" data-id=\"972c406\" data-element_type=\"widget\" data-widget_type=\"spacer.default\">\n\t\t\t\t<div class=\"elementor-widget-container\">\n\t\t\t\t\t\t\t<div class=\"elementor-spacer\">\n\t\t\t<div class=\"elementor-spacer-inner\"><\/div>\n\t\t<\/div>\n\t\t\t\t\t\t<\/div>\n\t\t\t\t<\/div>\n\t\t\t\t<div class=\"elementor-element elementor-element-34d76de sc_fly_static elementor-widget elementor-widget-image\" data-id=\"34d76de\" data-element_type=\"widget\" data-widget_type=\"image.default\">\n\t\t\t\t<div class=\"elementor-widget-container\">\n\t\t\t\t\t\t\t\t\t\t\t\t\t\t\t<img fetchpriority=\"high\" decoding=\"async\" width=\"1024\" height=\"768\" src=\"https:\/\/baksarbakir.com\/wp-content\/uploads\/2022\/01\/ra-dragon-Uwq_F5G4yOo-unsplash-1-1024x768.jpg\" class=\"attachment-large size-large wp-image-17949\" alt=\"\" srcset=\"https:\/\/baksarbakir.com\/wp-content\/uploads\/2022\/01\/ra-dragon-Uwq_F5G4yOo-unsplash-1-1024x768.jpg 1024w, https:\/\/baksarbakir.com\/wp-content\/uploads\/2022\/01\/ra-dragon-Uwq_F5G4yOo-unsplash-1-300x225.jpg 300w, https:\/\/baksarbakir.com\/wp-content\/uploads\/2022\/01\/ra-dragon-Uwq_F5G4yOo-unsplash-1-768x576.jpg 768w, https:\/\/baksarbakir.com\/wp-content\/uploads\/2022\/01\/ra-dragon-Uwq_F5G4yOo-unsplash-1-1536x1152.jpg 1536w, https:\/\/baksarbakir.com\/wp-content\/uploads\/2022\/01\/ra-dragon-Uwq_F5G4yOo-unsplash-1-370x278.jpg 370w, https:\/\/baksarbakir.com\/wp-content\/uploads\/2022\/01\/ra-dragon-Uwq_F5G4yOo-unsplash-1-840x630.jpg 840w, https:\/\/baksarbakir.com\/wp-content\/uploads\/2022\/01\/ra-dragon-Uwq_F5G4yOo-unsplash-1-410x308.jpg 410w, https:\/\/baksarbakir.com\/wp-content\/uploads\/2022\/01\/ra-dragon-Uwq_F5G4yOo-unsplash-1-600x450.jpg 600w, https:\/\/baksarbakir.com\/wp-content\/uploads\/2022\/01\/ra-dragon-Uwq_F5G4yOo-unsplash-1.jpg 1920w\" sizes=\"(max-width: 1024px) 100vw, 1024px\" \/>\t\t\t\t\t\t\t\t\t\t\t\t\t\t\t<\/div>\n\t\t\t\t<\/div>\n\t\t\t\t<div class=\"elementor-element elementor-element-0ee2b2f sc_height_small sc_fly_static elementor-widget elementor-widget-spacer\" data-id=\"0ee2b2f\" data-element_type=\"widget\" data-widget_type=\"spacer.default\">\n\t\t\t\t<div class=\"elementor-widget-container\">\n\t\t\t\t\t\t\t<div class=\"elementor-spacer\">\n\t\t\t<div class=\"elementor-spacer-inner\"><\/div>\n\t\t<\/div>\n\t\t\t\t\t\t<\/div>\n\t\t\t\t<\/div>\n\t\t\t\t\t<\/div>\n\t\t<\/div>\n\t\t\t\t\t<\/div>\n\t\t<\/section>\n\t\t\t\t<section class=\"elementor-section elementor-top-section elementor-element elementor-element-6bfb4a8 elementor-section-boxed elementor-section-height-default elementor-section-height-default sc_fly_static\" data-id=\"6bfb4a8\" data-element_type=\"section\" data-settings=\"{&quot;background_background&quot;:&quot;classic&quot;}\">\n\t\t\t\t\t\t<div class=\"elementor-container elementor-column-gap-extended\">\n\t\t\t\t\t<div class=\"elementor-column elementor-col-100 elementor-top-column elementor-element elementor-element-1e75957 sc_content_align_inherit sc_layouts_column_icons_position_left sc_fly_static\" data-id=\"1e75957\" data-element_type=\"column\">\n\t\t\t<div class=\"elementor-widget-wrap elementor-element-populated\">\n\t\t\t\t\t\t\t<\/div>\n\t\t<\/div>\n\t\t\t\t\t<\/div>\n\t\t<\/section>\n\t\t\t\t<\/div>","protected":false},"excerpt":{"rendered":"<p>BAKSAR BAKIR Hakk\u0131m\u0131zda Baksar Bak\u0131r Boru San. ve Tic. A.\u015e, demir d\u0131\u015f\u0131 metal sekt\u00f6r\u00fcnde faaliyetlerini g\u00f6steren bir kurulu\u015ftur. Kocaeli&#8217;deki tesislerinde faaliyetlerini s\u00fcrd\u00fcren \u015firketimiz a\u011f\u0131rl\u0131kl\u0131 olarak bak\u0131r ve bak\u0131r ala\u015f\u0131mlar\u0131ndan mam\u00fcl,&hellip;<\/p>","protected":false},"author":1,"featured_media":0,"parent":0,"menu_order":0,"comment_status":"closed","ping_status":"closed","template":"","meta":{"footnotes":""},"class_list":["post-3750","page","type-page","status-publish","hentry"],"_links":{"self":[{"href":"https:\/\/baksarbakir.com\/en\/wp-json\/wp\/v2\/pages\/3750","targetHints":{"allow":["GET"]}}],"collection":[{"href":"https:\/\/baksarbakir.com\/en\/wp-json\/wp\/v2\/pages"}],"about":[{"href":"https:\/\/baksarbakir.com\/en\/wp-json\/wp\/v2\/types\/page"}],"author":[{"embeddable":true,"href":"https:\/\/baksarbakir.com\/en\/wp-json\/wp\/v2\/users\/1"}],"replies":[{"embeddable":true,"href":"https:\/\/baksarbakir.com\/en\/wp-json\/wp\/v2\/comments?post=3750"}],"version-history":[{"count":19,"href":"https:\/\/baksarbakir.com\/en\/wp-json\/wp\/v2\/pages\/3750\/revisions"}],"predecessor-version":[{"id":18208,"href":"https:\/\/baksarbakir.com\/en\/wp-json\/wp\/v2\/pages\/3750\/revisions\/18208"}],"wp:attachment":[{"href":"https:\/\/baksarbakir.com\/en\/wp-json\/wp\/v2\/media?parent=3750"}],"curies":[{"name":"wp","href":"https:\/\/api.w.org\/{rel}","templated":true}]}}