{"id":18229,"date":"2022-07-04T10:48:36","date_gmt":"2022-07-04T10:48:36","guid":{"rendered":"https:\/\/baksarbakir.com\/?page_id=18229"},"modified":"2022-07-05T13:01:20","modified_gmt":"2022-07-05T13:01:20","slug":"kalite-kontrol","status":"publish","type":"page","link":"https:\/\/baksarbakir.com\/en\/kalite-kontrol\/","title":{"rendered":"Kalite Kontrol"},"content":{"rendered":"<div data-elementor-type=\"wp-page\" data-elementor-id=\"18229\" class=\"elementor elementor-18229\">\n\t\t\t\t\t\t<section class=\"elementor-section elementor-top-section elementor-element elementor-element-00a2060 elementor-section-boxed elementor-section-height-default elementor-section-height-default sc_fly_static\" data-id=\"00a2060\" data-element_type=\"section\">\n\t\t\t\t\t\t<div class=\"elementor-container elementor-column-gap-extended\">\n\t\t\t\t\t<div class=\"elementor-column elementor-col-100 elementor-top-column elementor-element elementor-element-5eb5aa5 sc_content_align_inherit sc_layouts_column_icons_position_left sc_fly_static\" data-id=\"5eb5aa5\" data-element_type=\"column\">\n\t\t\t<div class=\"elementor-widget-wrap elementor-element-populated\">\n\t\t\t\t\t\t<div class=\"elementor-element elementor-element-62b388c sc_height_huge sc_fly_static elementor-widget elementor-widget-spacer\" data-id=\"62b388c\" data-element_type=\"widget\" data-widget_type=\"spacer.default\">\n\t\t\t\t<div class=\"elementor-widget-container\">\n\t\t\t\t\t\t\t<div class=\"elementor-spacer\">\n\t\t\t<div class=\"elementor-spacer-inner\"><\/div>\n\t\t<\/div>\n\t\t\t\t\t\t<\/div>\n\t\t\t\t<\/div>\n\t\t\t\t\t<\/div>\n\t\t<\/div>\n\t\t\t\t\t<\/div>\n\t\t<\/section>\n\t\t\t\t<section class=\"elementor-section elementor-top-section elementor-element elementor-element-26dc149 elementor-section-boxed elementor-section-height-default elementor-section-height-default sc_fly_static\" data-id=\"26dc149\" data-element_type=\"section\">\n\t\t\t\t\t\t<div class=\"elementor-container elementor-column-gap-extended\">\n\t\t\t\t\t<div class=\"elementor-column elementor-col-50 elementor-top-column elementor-element elementor-element-b8e8b93 sc_content_align_inherit sc_layouts_column_icons_position_left sc_fly_static\" data-id=\"b8e8b93\" data-element_type=\"column\">\n\t\t\t<div class=\"elementor-widget-wrap elementor-element-populated\">\n\t\t\t\t\t\t<div class=\"elementor-element elementor-element-c9c5c0d sc_fly_static elementor-widget elementor-widget-trx_sc_title\" data-id=\"c9c5c0d\" data-element_type=\"widget\" data-widget_type=\"trx_sc_title.default\">\n\t\t\t\t<div class=\"elementor-widget-container\">\n\t\t\t\t\t<div\t\tclass=\"sc_title sc_title_default\" ><span class=\"sc_item_subtitle sc_title_subtitle sc_item_subtitle_above sc_item_title_style_default\">BAKSAR BAKIR<\/span><h1 class=\"sc_item_title sc_title_title sc_item_title_style_default sc_item_title_tag\"\n\t\t\t><span class=\"sc_item_title_text\">Kalite Y\u00f6netimi<\/span><\/h1><\/div>\t\t\t\t<\/div>\n\t\t\t\t<\/div>\n\t\t\t\t<div class=\"elementor-element elementor-element-d5ca560 sc_height_small sc_fly_static elementor-widget elementor-widget-spacer\" data-id=\"d5ca560\" data-element_type=\"widget\" data-widget_type=\"spacer.default\">\n\t\t\t\t<div class=\"elementor-widget-container\">\n\t\t\t\t\t\t\t<div class=\"elementor-spacer\">\n\t\t\t<div class=\"elementor-spacer-inner\"><\/div>\n\t\t<\/div>\n\t\t\t\t\t\t<\/div>\n\t\t\t\t<\/div>\n\t\t\t\t<div class=\"elementor-element elementor-element-727abf5 sc_fly_static elementor-widget elementor-widget-text-editor\" data-id=\"727abf5\" data-element_type=\"widget\" data-widget_type=\"text-editor.default\">\n\t\t\t\t<div class=\"elementor-widget-container\">\n\t\t\t\t\t\t\t\t\t<p>Baksar Bak\u0131r Boru olarak faaliyetlerimizde TS EN ISO 9001 kalite sistem belgesi ile tescillenmi\u015f ulusal ve uluslararas\u0131 d\u00fczenlemelerle m\u00fc\u015fterilerimize hizmet sa\u011flamaktay\u0131z. Kalitemizden \u00f6d\u00fcn vermemek ad\u0131na kendi i\u00e7imizde de yenilik\u00e7i, yarat\u0131c\u0131 ve teknik yetkinlikleri artt\u0131racak \u00e7al\u0131\u015fmalar\u0131m\u0131z, s\u00fcrekli iyile\u015ftirme odakl\u0131 ve uluslararas\u0131 d\u00fczeyde rekabet edebilecek seviyede olma hedefimiz kalite politikam\u0131zd\u0131r.<\/p><p>T\u00fcm faaliyetlerimizde \u00e7evre ve i\u015f sa\u011fl\u0131\u011f\u0131 d\u00fczenlemelerine uyarak, olumsuz \u00e7evre kirlili\u011fini azaltmak i\u00e7in geri d\u00f6n\u00fc\u015f\u00fcm, \u00fcretim ve malzemelerine y\u00f6nelerek ya\u015fanabilecek i\u015f kazalar\u0131 ve meslek hastal\u0131klar\u0131ndan korunmak i\u00e7in t\u00fcm \u00f6nlemleri al\u0131nmaktad\u0131r.<\/p>\t\t\t\t\t\t\t\t<\/div>\n\t\t\t\t<\/div>\n\t\t\t\t<div class=\"elementor-element elementor-element-909b3f1 sc_height_small sc_fly_static elementor-widget elementor-widget-spacer\" data-id=\"909b3f1\" data-element_type=\"widget\" data-widget_type=\"spacer.default\">\n\t\t\t\t<div class=\"elementor-widget-container\">\n\t\t\t\t\t\t\t<div class=\"elementor-spacer\">\n\t\t\t<div class=\"elementor-spacer-inner\"><\/div>\n\t\t<\/div>\n\t\t\t\t\t\t<\/div>\n\t\t\t\t<\/div>\n\t\t\t\t\t<\/div>\n\t\t<\/div>\n\t\t\t\t<div class=\"elementor-column elementor-col-50 elementor-top-column elementor-element elementor-element-b6a8fe2 sc_content_align_inherit sc_layouts_column_icons_position_left sc_fly_static\" data-id=\"b6a8fe2\" data-element_type=\"column\">\n\t\t\t<div class=\"elementor-widget-wrap elementor-element-populated\">\n\t\t\t\t\t\t<div class=\"elementor-element elementor-element-34d76de sc_fly_static elementor-widget elementor-widget-image\" data-id=\"34d76de\" data-element_type=\"widget\" data-widget_type=\"image.default\">\n\t\t\t\t<div class=\"elementor-widget-container\">\n\t\t\t\t\t\t\t\t\t\t\t\t\t\t\t<img fetchpriority=\"high\" decoding=\"async\" width=\"722\" height=\"1024\" src=\"https:\/\/baksarbakir.com\/wp-content\/uploads\/2022\/07\/kalite-722x1024.jpg\" class=\"attachment-large size-large wp-image-18233\" alt=\"\" srcset=\"https:\/\/baksarbakir.com\/wp-content\/uploads\/2022\/07\/kalite-722x1024.jpg 722w, https:\/\/baksarbakir.com\/wp-content\/uploads\/2022\/07\/kalite-212x300.jpg 212w, https:\/\/baksarbakir.com\/wp-content\/uploads\/2022\/07\/kalite-768x1089.jpg 768w, https:\/\/baksarbakir.com\/wp-content\/uploads\/2022\/07\/kalite-370x524.jpg 370w, https:\/\/baksarbakir.com\/wp-content\/uploads\/2022\/07\/kalite-840x1191.jpg 840w, https:\/\/baksarbakir.com\/wp-content\/uploads\/2022\/07\/kalite-410x581.jpg 410w, https:\/\/baksarbakir.com\/wp-content\/uploads\/2022\/07\/kalite.jpg 968w\" sizes=\"(max-width: 722px) 100vw, 722px\" \/>\t\t\t\t\t\t\t\t\t\t\t\t\t\t\t<\/div>\n\t\t\t\t<\/div>\n\t\t\t\t<div class=\"elementor-element elementor-element-0ee2b2f sc_height_small sc_fly_static elementor-widget elementor-widget-spacer\" data-id=\"0ee2b2f\" data-element_type=\"widget\" data-widget_type=\"spacer.default\">\n\t\t\t\t<div class=\"elementor-widget-container\">\n\t\t\t\t\t\t\t<div class=\"elementor-spacer\">\n\t\t\t<div class=\"elementor-spacer-inner\"><\/div>\n\t\t<\/div>\n\t\t\t\t\t\t<\/div>\n\t\t\t\t<\/div>\n\t\t\t\t\t<\/div>\n\t\t<\/div>\n\t\t\t\t\t<\/div>\n\t\t<\/section>\n\t\t\t\t<section class=\"elementor-section elementor-top-section elementor-element elementor-element-6bfb4a8 elementor-section-boxed elementor-section-height-default elementor-section-height-default sc_fly_static\" data-id=\"6bfb4a8\" data-element_type=\"section\" data-settings=\"{&quot;background_background&quot;:&quot;classic&quot;}\">\n\t\t\t\t\t\t<div class=\"elementor-container elementor-column-gap-extended\">\n\t\t\t\t\t<div class=\"elementor-column elementor-col-100 elementor-top-column elementor-element elementor-element-1e75957 sc_content_align_inherit sc_layouts_column_icons_position_left sc_fly_static\" data-id=\"1e75957\" data-element_type=\"column\">\n\t\t\t<div class=\"elementor-widget-wrap elementor-element-populated\">\n\t\t\t\t\t\t\t<\/div>\n\t\t<\/div>\n\t\t\t\t\t<\/div>\n\t\t<\/section>\n\t\t\t\t<\/div>","protected":false},"excerpt":{"rendered":"<p>BAKSAR BAKIR Kalite Y\u00f6netimi Baksar Bak\u0131r Boru olarak faaliyetlerimizde TS EN ISO 9001 kalite sistem belgesi ile tescillenmi\u015f ulusal ve uluslararas\u0131 d\u00fczenlemelerle m\u00fc\u015fterilerimize hizmet sa\u011flamaktay\u0131z. Kalitemizden \u00f6d\u00fcn vermemek ad\u0131na kendi&hellip;<\/p>","protected":false},"author":1,"featured_media":0,"parent":0,"menu_order":0,"comment_status":"closed","ping_status":"closed","template":"","meta":{"footnotes":""},"class_list":["post-18229","page","type-page","status-publish","hentry"],"_links":{"self":[{"href":"https:\/\/baksarbakir.com\/en\/wp-json\/wp\/v2\/pages\/18229","targetHints":{"allow":["GET"]}}],"collection":[{"href":"https:\/\/baksarbakir.com\/en\/wp-json\/wp\/v2\/pages"}],"about":[{"href":"https:\/\/baksarbakir.com\/en\/wp-json\/wp\/v2\/types\/page"}],"author":[{"embeddable":true,"href":"https:\/\/baksarbakir.com\/en\/wp-json\/wp\/v2\/users\/1"}],"replies":[{"embeddable":true,"href":"https:\/\/baksarbakir.com\/en\/wp-json\/wp\/v2\/comments?post=18229"}],"version-history":[{"count":13,"href":"https:\/\/baksarbakir.com\/en\/wp-json\/wp\/v2\/pages\/18229\/revisions"}],"predecessor-version":[{"id":18248,"href":"https:\/\/baksarbakir.com\/en\/wp-json\/wp\/v2\/pages\/18229\/revisions\/18248"}],"wp:attachment":[{"href":"https:\/\/baksarbakir.com\/en\/wp-json\/wp\/v2\/media?parent=18229"}],"curies":[{"name":"wp","href":"https:\/\/api.w.org\/{rel}","templated":true}]}}